{"id":55312,"date":"2018-07-05T13:59:16","date_gmt":"2018-07-05T11:59:16","guid":{"rendered":"https:\/\/www.aquael.com\/product-search-engine\/"},"modified":"2023-12-05T10:17:57","modified_gmt":"2023-12-05T09:17:57","slug":"produktovy-vyhledavac","status":"publish","type":"page","link":"https:\/\/www.aquael.com\/cz\/produktovy-vyhledavac\/","title":{"rendered":"Produktov\u00fd vyhled\u00e1va\u010d"},"content":{"rendered":"","protected":false},"excerpt":{"rendered":"","protected":false},"author":1,"featured_media":0,"parent":0,"menu_order":0,"comment_status":"closed","ping_status":"closed","template":"page-templates\/wyszukiwarka-produktow.php","meta":{"_acf_changed":false,"inline_featured_image":false,"footnotes":""},"class_list":["post-55312","page","type-page","status-publish","hentry"],"acf":[],"_links":{"self":[{"href":"https:\/\/www.aquael.com\/cz\/wp-json\/wp\/v2\/pages\/55312","targetHints":{"allow":["GET"]}}],"collection":[{"href":"https:\/\/www.aquael.com\/cz\/wp-json\/wp\/v2\/pages"}],"about":[{"href":"https:\/\/www.aquael.com\/cz\/wp-json\/wp\/v2\/types\/page"}],"author":[{"embeddable":true,"href":"https:\/\/www.aquael.com\/cz\/wp-json\/wp\/v2\/users\/1"}],"replies":[{"embeddable":true,"href":"https:\/\/www.aquael.com\/cz\/wp-json\/wp\/v2\/comments?post=55312"}],"version-history":[{"count":2,"href":"https:\/\/www.aquael.com\/cz\/wp-json\/wp\/v2\/pages\/55312\/revisions"}],"predecessor-version":[{"id":132863,"href":"https:\/\/www.aquael.com\/cz\/wp-json\/wp\/v2\/pages\/55312\/revisions\/132863"}],"wp:attachment":[{"href":"https:\/\/www.aquael.com\/cz\/wp-json\/wp\/v2\/media?parent=55312"}],"curies":[{"name":"wp","href":"https:\/\/api.w.org\/{rel}","templated":true}]}}