{"id":55319,"date":"2018-05-08T11:23:01","date_gmt":"2018-05-08T09:23:01","guid":{"rendered":"https:\/\/www.aquael.com\/problemy-z-utrzymaniem-akwarium\/"},"modified":"2023-12-05T10:53:56","modified_gmt":"2023-12-05T09:53:56","slug":"problemy-s-udrzbou-akvaria","status":"publish","type":"page","link":"https:\/\/www.aquael.com\/cz\/poradna\/problemy-s-udrzbou-akvaria\/","title":{"rendered":"Probl\u00e9my s \u00fadr\u017ebou akv\u00e1ria"},"content":{"rendered":"","protected":false},"excerpt":{"rendered":"","protected":false},"author":1,"featured_media":0,"parent":55335,"menu_order":2,"comment_status":"closed","ping_status":"closed","template":"","meta":{"_acf_changed":false,"inline_featured_image":false,"footnotes":""},"class_list":["post-55319","page","type-page","status-publish","hentry"],"acf":[],"_links":{"self":[{"href":"https:\/\/www.aquael.com\/cz\/wp-json\/wp\/v2\/pages\/55319","targetHints":{"allow":["GET"]}}],"collection":[{"href":"https:\/\/www.aquael.com\/cz\/wp-json\/wp\/v2\/pages"}],"about":[{"href":"https:\/\/www.aquael.com\/cz\/wp-json\/wp\/v2\/types\/page"}],"author":[{"embeddable":true,"href":"https:\/\/www.aquael.com\/cz\/wp-json\/wp\/v2\/users\/1"}],"replies":[{"embeddable":true,"href":"https:\/\/www.aquael.com\/cz\/wp-json\/wp\/v2\/comments?post=55319"}],"version-history":[{"count":3,"href":"https:\/\/www.aquael.com\/cz\/wp-json\/wp\/v2\/pages\/55319\/revisions"}],"predecessor-version":[{"id":132901,"href":"https:\/\/www.aquael.com\/cz\/wp-json\/wp\/v2\/pages\/55319\/revisions\/132901"}],"up":[{"embeddable":true,"href":"https:\/\/www.aquael.com\/cz\/wp-json\/wp\/v2\/pages\/55335"}],"wp:attachment":[{"href":"https:\/\/www.aquael.com\/cz\/wp-json\/wp\/v2\/media?parent=55319"}],"curies":[{"name":"wp","href":"https:\/\/api.w.org\/{rel}","templated":true}]}}