{"id":55326,"date":"2018-05-08T09:57:09","date_gmt":"2018-05-08T07:57:09","guid":{"rendered":"https:\/\/www.aquael.com\/dzial-sprzedazy-zagranicznej\/"},"modified":"2023-12-05T10:44:40","modified_gmt":"2023-12-05T09:44:40","slug":"zahranicni-obchodni-oddeleni","status":"publish","type":"page","link":"https:\/\/www.aquael.com\/cz\/kontakt\/zahranicni-obchodni-oddeleni\/","title":{"rendered":"Zahrani\u010dn\u00ed obchodn\u00ed odd\u011blen\u00ed"},"content":{"rendered":"","protected":false},"excerpt":{"rendered":"","protected":false},"author":1,"featured_media":0,"parent":55331,"menu_order":3,"comment_status":"closed","ping_status":"closed","template":"","meta":{"_acf_changed":false,"inline_featured_image":false,"footnotes":""},"class_list":["post-55326","page","type-page","status-publish","hentry"],"acf":[],"_links":{"self":[{"href":"https:\/\/www.aquael.com\/cz\/wp-json\/wp\/v2\/pages\/55326","targetHints":{"allow":["GET"]}}],"collection":[{"href":"https:\/\/www.aquael.com\/cz\/wp-json\/wp\/v2\/pages"}],"about":[{"href":"https:\/\/www.aquael.com\/cz\/wp-json\/wp\/v2\/types\/page"}],"author":[{"embeddable":true,"href":"https:\/\/www.aquael.com\/cz\/wp-json\/wp\/v2\/users\/1"}],"replies":[{"embeddable":true,"href":"https:\/\/www.aquael.com\/cz\/wp-json\/wp\/v2\/comments?post=55326"}],"version-history":[{"count":2,"href":"https:\/\/www.aquael.com\/cz\/wp-json\/wp\/v2\/pages\/55326\/revisions"}],"predecessor-version":[{"id":132888,"href":"https:\/\/www.aquael.com\/cz\/wp-json\/wp\/v2\/pages\/55326\/revisions\/132888"}],"up":[{"embeddable":true,"href":"https:\/\/www.aquael.com\/cz\/wp-json\/wp\/v2\/pages\/55331"}],"wp:attachment":[{"href":"https:\/\/www.aquael.com\/cz\/wp-json\/wp\/v2\/media?parent=55326"}],"curies":[{"name":"wp","href":"https:\/\/api.w.org\/{rel}","templated":true}]}}